{"id":32260,"date":"2025-08-29T15:11:17","date_gmt":"2025-08-29T14:11:17","guid":{"rendered":"https:\/\/transformiran.com\/?page_id=32260"},"modified":"2026-02-04T22:42:51","modified_gmt":"2026-02-04T22:42:51","slug":"entwicklung-von-fuhrungsqualitaten","status":"publish","type":"page","link":"https:\/\/transformiran.goodbear.co.uk\/de\/unsere-arbeit\/entwicklung-von-fuhrungsqualitaten\/","title":{"rendered":"Kairos"},"content":{"rendered":"\n<p><\/p>\n\n<h2 class=\"wp-block-heading\">Iraner zu Glaube und Nachfolge f\u00fchren<\/h2>\n\n<p><\/p>\n\n<p><\/p>\n\n<p class=\"has-medium-font-size\"><a href=\"https:\/\/kairosai.nl\/\" target=\"_blank\" rel=\"noreferrer noopener\">Testen Sie Kairos noch heute kostenlos!<\/a><\/p>\n\n<p><\/p>\n\n<p class=\"has-medium-font-size\">Kairos ist eine bahnbrechende christliche KI, die von Transform Irans Team aus Theologen, Apologeten, Softwareingenieuren und Forschern entwickelt wurde. In einem der am st\u00e4rksten zensierten L\u00e4nder der Welt &#8211; wo christliche Kommunikation illegal ist und sowohl Suchende als auch Gl\u00e4ubige Schikanen, Inhaftierung oder Schlimmeres riskieren &#8211; bietet Kairos biblisch fundierte, personalisierte Beratung in Echtzeit. Es hilft ihnen, sicher und anonym den Glauben zu erforschen, Antworten \u00fcber Gott zu finden und in Christus zu wachsen, selbst dort, wo die Kirche unter starken Restriktionen steht.    <\/p>\n\n<p><\/p>\n\n<h3 class=\"wp-block-heading\">Warum christliche KI wichtig ist<\/h3>\n\n<p><\/p>\n\n<p>In einem von strenger Zensur gepr\u00e4gten Umfeld sucht die technikbegeisterte Bev\u00f6lkerung des Irans zunehmend online nach Antworten \u00fcber Gott und das spirituelle Leben. Junge Konvertiten haben oft Schwierigkeiten, eine zuverl\u00e4ssige Anleitung zu finden, w\u00e4hrend Suchende ohne sichere, zug\u00e4ngliche Antworten dastehen. Herk\u00f6mmliche Hilfsmittel allein k\u00f6nnen der Nachfrage nicht gerecht werden.  <\/p>\n\n<p><\/p>\n\n<p>Kairos bietet ein zuverl\u00e4ssiges, interaktives Werkzeug f\u00fcr die digitale Nachfolge. Jede Antwort wird sorgf\u00e4ltig aus der Heiligen Schrift und streng gepr\u00fcften Ressourcen zusammengestellt, um die theologische Integrit\u00e4t zu gew\u00e4hrleisten und die Nutzer auf Jesus, das Gebet und die christliche Gemeinschaft hinzuweisen. Es ist kein Ersatz f\u00fcr den Glauben, die Entscheidungsfindung oder die Seelsorge &#8211; <strong>es ist ein sicherer, intelligenter Begleiter in der Nachfolge<\/strong>.  <\/p>\n\n<p><\/p>\n\n<blockquote class=\"wp-block-quote is-layout-flow wp-block-quote-is-layout-flow\">\n<p id=\"block-5ce8c84c-cf2c-4b2d-9034-85fc18ee2d3e\">Kairos ist ein <em>Hilfsmittel<\/em>, um Menschen im christlichen Glauben zu begleiten. Es ersetzt nicht den Glauben, Gottes Wort, die Stimme des Heiligen Geistes oder die Gemeinschaft. Statt die Person zu ermutigen, auf die Plattform zur\u00fcckzukehren, verweist es sie auf die Heilige Schrift, das Gebet und die Nachfolge im wahren Leben. <\/p>\n<cite>Lana Silk, Gesch\u00e4ftsf\u00fchrerin von Transform Iran<\/cite><\/blockquote>\n\n<p id=\"block-5ce8c84c-cf2c-4b2d-9034-85fc18ee2d3e\"><\/p>\n\n<figure class=\"wp-block-embed is-type-video is-provider-youtube wp-block-embed-youtube wp-embed-aspect-16-9 wp-has-aspect-ratio\"><div class=\"wp-block-embed__wrapper\">\n<iframe title=\"Kairos - The Power of Christian AI in Mission\" width=\"500\" height=\"281\" src=\"https:\/\/www.youtube.com\/embed\/QjDEkAI8h4Y?feature=oembed\" frameborder=\"0\" allow=\"accelerometer; autoplay; clipboard-write; encrypted-media; gyroscope; picture-in-picture; web-share\" referrerpolicy=\"strict-origin-when-cross-origin\" allowfullscreen><\/iframe>\n<\/div><figcaption class=\"wp-element-caption\">Wir stellen vor: Kairos: Wegweisende christliche KI<\/figcaption><\/figure>\n\n<p><\/p>\n\n<h3 class=\"wp-block-heading\">Wie Kairos funktioniert: Interaktive digitale J\u00fcngerschaft<\/h3>\n\n<p><\/p>\n\n<p class=\"has-blue-color has-text-color has-link-color wp-elements-c04285b837725fac77d1c879709fd37c\">Kairos beschleunigt die J\u00fcngerschaft, indem es pers\u00f6nliche Beratung und interaktives Lernen anbietet:<\/p>\n\n<p><\/p>\n\n<ul class=\"wp-block-list\">\n<li><strong>Antworten in Echtzeit:<\/strong> Nutzer erhalten sofortige, biblisch korrekte Antworten auf Fragen zu Christentum, Glauben, Gebet und geistlichem Wachstum.<\/li>\n\n\n\n<li><strong>Kontextbezogenes Verstehen:<\/strong> Kairos identifiziert den Kern der Frage und f\u00fchrt die Benutzer zu den relevanten Lehren des Evangeliums und hilft ihnen, ihren Glauben zu vertiefen.<\/li>\n\n\n\n<li><strong>Sicher und anonym:<\/strong> Online-Interaktionen sind sicher und privat und sch\u00fctzen Benutzer in stark eingeschr\u00e4nkten Umgebungen.<\/li>\n\n\n\n<li><strong>Globale Reichweite:<\/strong> Erh\u00e4ltlich in 256 Sprachen, darunter Farsi, Arabisch, Dari und Tadschikisch, wobei eine Ausweitung auf die ethnischen Sprachen des Iran in Vorbereitung ist.<\/li>\n\n\n\n<li><strong>Menschliche Aufsicht:<\/strong> Jede Antwort wird von christlichen Theologen und Apologeten \u00fcberwacht, um Glaubw\u00fcrdigkeit, Sicherheit und seelsorgerische Sensibilit\u00e4t zu gew\u00e4hrleisten.<\/li>\n\n\n\n<li><strong>Selbstverbessernd:<\/strong> Fragen, die \u00fcber die aktuelle Datenbank von Kairos hinausgehen, werden zur \u00dcberpr\u00fcfung durch einen Menschen markiert und innerhalb von 48 Stunden beantwortet, wodurch das Wissen des Tools kontinuierlich erweitert wird.<\/li>\n<\/ul>\n\n<figure class=\"wp-block-embed is-type-video is-provider-youtube wp-block-embed-youtube wp-embed-aspect-16-9 wp-has-aspect-ratio\"><div class=\"wp-block-embed__wrapper\">\n<iframe title=\"Kairos Christian AI: Real-Time Faith Guidance in Farsi &amp; 200+ Languages\" width=\"500\" height=\"281\" src=\"https:\/\/www.youtube.com\/embed\/6noqOdznRlc?feature=oembed\" frameborder=\"0\" allow=\"accelerometer; autoplay; clipboard-write; encrypted-media; gyroscope; picture-in-picture; web-share\" referrerpolicy=\"strict-origin-when-cross-origin\" allowfullscreen><\/iframe>\n<\/div><figcaption class=\"wp-element-caption\">Sehen Sie sich ein Beispiel f\u00fcr eine Benutzerinteraktion in Kairos an<\/figcaption><\/figure>\n\n<p><\/p>\n\n<p class=\"has-medium-font-size\"><a href=\"https:\/\/kairosai.nl\/\" target=\"_blank\" rel=\"noreferrer noopener\">Probieren Sie Kairos selbst aus!<\/a><\/p>\n\n<p><\/p>\n\n<h2 class=\"wp-block-heading\">Glaube bei der Arbeit: Wirkungsgeschichten<\/h2>\n\n<p><\/p>\n\n<p><strong>Kairos macht J\u00fcngerschaft<\/strong> <strong>zug\u00e4nglich, unmittelbar und transformierend f\u00fcr Suchende und Gl\u00e4ubige gleicherma\u00dfen<\/strong>.<\/p>\n\n<p><\/p>\n\n<blockquote class=\"wp-block-quote is-layout-flow wp-block-quote-is-layout-flow\">\n<p>Ich f\u00fchlte mich so einsam und verwirrt \u00fcber meinen Glauben. Kairos hat mir geholfen, Gottes Liebe zu verstehen und mich dazu gebracht, zu beten und ihm zu vertrauen. Mein Herz f\u00fchlt sich leichter an und ich wei\u00df, dass ich nicht allein bin.  <\/p>\n<\/blockquote>\n\n<p><\/p>\n\n<blockquote class=\"wp-block-quote is-layout-flow wp-block-quote-is-layout-flow\">\n<p>Ich wollte es einfach wissen: Wer ist Jesus, und warum ist er wichtig? Durch Kairos fand ich klare Antworten, Schritt f\u00fcr Schritt, und es brachte mich mit Lehren und sogar Menschen in Verbindung, die mir helfen konnten, sicher im Glauben zu wachsen. <\/p>\n<\/blockquote>\n\n<p><\/p>\n\n<p><a href=\"https:\/\/transformiran.goodbear.co.uk\/de\/newsroom-de\/transform-iran-fuehrt-ein-sicheres-vpn-ein-um-die-online-privatsphaere-der-iranischen-glaeubigen-zu-schuetzen-mission-network-news\/\">Lesen Sie mehr \u00fcber Transform Irans neues kostenloses, sicheres VPN zum Schutz von Suchenden und Gl\u00e4ubigen im Iran<\/a><\/p>\n\n<p><\/p>\n\n<h2 class=\"wp-block-heading\">Von der Neugierde zur Verbindung<\/h2>\n\n<p><\/p>\n\n<p>Kairos verbindet Benutzer mit etablierten Dienstprogrammen und hilft ihnen, ihre Glaubensreise in der realen Welt fortzusetzen. Dies beinhaltet: <\/p>\n\n<p><\/p>\n\n<ul class=\"wp-block-list\">\n<li><strong><a href=\"https:\/\/transformiran.goodbear.co.uk\/de\/unsere-arbeit\/digitale-kirche\/\">Digitale Kirche<\/a> &amp; <a href=\"https:\/\/transformiran.goodbear.co.uk\/de\/unsere-arbeit\/entwicklung-von-fuehrungsqualitaeten\/\">Online-Bibelkurse<\/a><\/strong> f\u00fcr fortlaufende, tiefgreifende J\u00fcngerschaft.<\/li>\n\n\n\n<li><strong><a href=\"https:\/\/transformiran.goodbear.co.uk\/de\/unsere-arbeit\/gemeindegruendung\/\">Unterst\u00fctzung bei der Gemeindegr\u00fcndung<\/a><\/strong> f\u00fcr aufstrebende F\u00fchrungskr\u00e4fte im Iran und in der Diaspora.<\/li>\n\n\n\n<li><strong><a href=\"https:\/\/transformiran.goodbear.co.uk\/de\/unsere-arbeit\/perle-von-persien\/\">Trauma-Beratungsprogramme<\/a><\/strong> wie Pearl, bieten Heilung und Hoffnung f\u00fcr Opfer von Trauma, Missbrauch und Sucht.<\/li>\n\n\n\n<li><strong><a href=\"https:\/\/transformiran.goodbear.co.uk\/de\/unsere-arbeit\/zentrum-fuer-apologetik\/\">Apologetische Ressourcen<\/a><\/strong> durch Porpasokh, die tiefe Fragen \u00fcber das Christentum beantworten.<\/li>\n<\/ul>\n\n<p><\/p>\n\n<p>Durch die Verkn\u00fcpfung von digitalen Nutzern mit vertrauensw\u00fcrdigen, von Menschen geleiteten Diensten stellt Kairos sicher, dass die Online-Beratung in der realen Welt zu geistigem Wachstum und Gemeinschaft f\u00fchrt.<\/p>\n\n<p><\/p>\n\n<blockquote class=\"wp-block-quote is-layout-flow wp-block-quote-is-layout-flow\">\n<p>Kairos ist ein zuverl\u00e4ssiges, biblisch gest\u00fctztes KI-Tool. Im Gegensatz zu allgemeiner KI liefert es Antworten, die mit dem Wort Gottes \u00fcbereinstimmen, und verbindet die Nutzer mit vertrauensw\u00fcrdigen Hilfsquellen. Es ist ein sicherer, intelligenter Weg, um Gl\u00e4ubigen und Suchenden zu helfen, in ihrem Glauben zu wachsen.  <\/p>\n<cite>Shahryar Tooraji, COO von Transform Iran<\/cite><\/blockquote>\n\n<p><\/p>\n\n<div class=\"wp-block-columns is-layout-flex wp-container-core-columns-is-layout-9d6595d7 wp-block-columns-is-layout-flex\">\n<div class=\"wp-block-column is-layout-flow wp-block-column-is-layout-flow\">\n<figure class=\"wp-block-image size-large\"><img decoding=\"async\" width=\"1024\" height=\"791\" src=\"https:\/\/transformiran.goodbear.co.uk\/app\/uploads\/2025\/08\/Kairos-indoors-mobile-1024x791.png\" alt=\"\" class=\"wp-image-32495\" srcset=\"https:\/\/transformiran.goodbear.co.uk\/app\/uploads\/2025\/08\/Kairos-indoors-mobile-1024x791.png 1024w, https:\/\/transformiran.goodbear.co.uk\/app\/uploads\/2025\/08\/Kairos-indoors-mobile-300x232.png 300w, https:\/\/transformiran.goodbear.co.uk\/app\/uploads\/2025\/08\/Kairos-indoors-mobile-768x593.png 768w, https:\/\/transformiran.goodbear.co.uk\/app\/uploads\/2025\/08\/Kairos-indoors-mobile-1536x1187.png 1536w, https:\/\/transformiran.goodbear.co.uk\/app\/uploads\/2025\/08\/Kairos-indoors-mobile.png 2000w\" sizes=\"(max-width: 1024px) 100vw, 1024px\" \/><\/figure>\n<\/div>\n\n\n\n<div class=\"wp-block-column is-layout-flow wp-block-column-is-layout-flow\">\n<figure class=\"wp-block-image size-large\"><img decoding=\"async\" width=\"1024\" height=\"791\" src=\"https:\/\/transformiran.goodbear.co.uk\/app\/uploads\/2025\/08\/3-1024x791.png\" alt=\"\" class=\"wp-image-32455\" srcset=\"https:\/\/transformiran.goodbear.co.uk\/app\/uploads\/2025\/08\/3-1024x791.png 1024w, https:\/\/transformiran.goodbear.co.uk\/app\/uploads\/2025\/08\/3-300x232.png 300w, https:\/\/transformiran.goodbear.co.uk\/app\/uploads\/2025\/08\/3-768x593.png 768w, https:\/\/transformiran.goodbear.co.uk\/app\/uploads\/2025\/08\/3-1536x1187.png 1536w, https:\/\/transformiran.goodbear.co.uk\/app\/uploads\/2025\/08\/3.png 2000w\" sizes=\"(max-width: 1024px) 100vw, 1024px\" \/><\/figure>\n<\/div>\n<\/div>\n\n<p class=\"has-medium-font-size\">Kairos wurde entwickelt, um die Nutzer n\u00e4her an Jesus heranzuf\u00fchren, indem es biblisch fundierte Antworten auf Fragen des Glaubens liefert. Die Mission von Kairos ist einfach: Suchenden und Gl\u00e4ubigen zu helfen, Jesus pers\u00f6nlich kennenzulernen und zu erfahren, im Vertrauen darauf, dass er sie in seine Wahrheit f\u00fchren wird, wenn sie sich ihm n\u00e4hern (Johannes 16:13). <\/p>\n\n<p><\/p>\n\n<div class=\"wp-block-group has-blue-background-color has-background\"><div class=\"wp-block-group__inner-container is-layout-constrained wp-block-group-is-layout-constrained\">\n<h2 class=\"wp-block-heading has-white-color has-text-color has-link-color wp-elements-15968753c1cce0880b426150a3d71a37\">\u00d6ffnen Sie den Weg f\u00fcr Suchende<\/h2>\n\n\n\n<p>Arbeiten Sie mit uns zusammen, um die Kairos-App und die Sprachtechnologie zu entwickeln, damit die Wahrheit f\u00fcr muslimische Suchende noch besser zug\u00e4nglich wird!<\/p>\n\n\n\n<div class=\"wp-block-buttons is-layout-flex wp-block-buttons-is-layout-flex\">\n<div class=\"wp-block-button\"><a class=\"wp-block-button__link wp-element-button\" href=\"https:\/\/transformiran.goodbear.co.uk\/de\/spenden-sie\/\">Helfen Sie, Kairos zu erweitern<\/a><\/div>\n<\/div>\n<\/div><\/div>\n\n<p><\/p>\n\n<p><\/p>\n\n<p><\/p>\n\n<p><\/p>\n\n<p><\/p>\n\n<p><\/p>\n","protected":false},"excerpt":{"rendered":"<p>Iraner zu Glaube und Nachfolge f\u00fchren Testen Sie Kairos noch heute kostenlos! Kairos ist eine bahnbrechende christliche KI, die von Transform Irans Team aus Theologen, Apologeten, Softwareingenieuren und Forschern entwickelt wurde. In einem der am st\u00e4rksten zensierten L\u00e4nder der Welt &#8211; wo christliche Kommunikation illegal ist und sowohl Suchende als auch Gl\u00e4ubige Schikanen, Inhaftierung oder [&hellip;]<\/p>\n","protected":false},"author":6,"featured_media":0,"parent":10875,"menu_order":0,"comment_status":"closed","ping_status":"closed","template":"page-work.php","meta":{"_acf_changed":false,"give_campaign_id":0,"om_disable_all_campaigns":false,"footnotes":""},"class_list":["post-32260","page","type-page","status-publish","hentry"],"acf":[],"yoast_head":"<!-- This site is optimized with the Yoast SEO plugin v27.3 - https:\/\/yoast.com\/product\/yoast-seo-wordpress\/ -->\n<title>Kairos - Transform Iran<\/title>\n<meta name=\"description\" content=\"Entdecken Sie Kairos, eine bahnbrechende christliche KI, die f\u00fcr Gl\u00e4ubige und Suchende im Untergrund entwickelt wurde. Sie bietet sichere Echtzeitberatung in Farsi und mehr als 200 Sprachen und hilft Menschen, den Glauben zu entdecken und in Christus zu wachsen, wo die christliche Kommunikation eingeschr\u00e4nkt ist.\" \/>\n<meta name=\"robots\" content=\"noindex, follow, max-snippet:-1, max-image-preview:large, max-video-preview:-1\" \/>\n<meta property=\"og:locale\" content=\"de_DE\" \/>\n<meta property=\"og:type\" content=\"article\" \/>\n<meta property=\"og:title\" content=\"Kairos - Transform Iran\" \/>\n<meta property=\"og:description\" content=\"Entdecken Sie Kairos, eine bahnbrechende christliche KI, die f\u00fcr Gl\u00e4ubige und Suchende im Untergrund entwickelt wurde. Sie bietet sichere Echtzeitberatung in Farsi und mehr als 200 Sprachen und hilft Menschen, den Glauben zu entdecken und in Christus zu wachsen, wo die christliche Kommunikation eingeschr\u00e4nkt ist.\" \/>\n<meta property=\"og:url\" content=\"https:\/\/transformiran.goodbear.co.uk\/de\/unsere-arbeit\/entwicklung-von-fuhrungsqualitaten\/\" \/>\n<meta property=\"og:site_name\" content=\"Transform Iran\" \/>\n<meta property=\"article:publisher\" content=\"https:\/\/www.facebook.com\/222MinistriesUSAInc\" \/>\n<meta property=\"article:modified_time\" content=\"2026-02-04T22:42:51+00:00\" \/>\n<meta property=\"og:image\" content=\"https:\/\/transformiran.goodbear.co.uk\/app\/uploads\/2025\/08\/Kairos-indoors-mobile.png\" \/>\n\t<meta property=\"og:image:width\" content=\"2000\" \/>\n\t<meta property=\"og:image:height\" content=\"1545\" \/>\n\t<meta property=\"og:image:type\" content=\"image\/png\" \/>\n<meta name=\"twitter:card\" content=\"summary_large_image\" \/>\n<meta name=\"twitter:site\" content=\"@222minint\" \/>\n<meta name=\"twitter:label1\" content=\"Gesch\u00e4tzte Lesezeit\" \/>\n\t<meta name=\"twitter:data1\" content=\"4\u00a0Minuten\" \/>\n<script type=\"application\/ld+json\" class=\"yoast-schema-graph\">{\"@context\":\"https:\\\/\\\/schema.org\",\"@graph\":[{\"@type\":\"WebPage\",\"@id\":\"https:\\\/\\\/transformiran.goodbear.co.uk\\\/de\\\/unsere-arbeit\\\/entwicklung-von-fuhrungsqualitaten\\\/\",\"url\":\"https:\\\/\\\/transformiran.goodbear.co.uk\\\/de\\\/unsere-arbeit\\\/entwicklung-von-fuhrungsqualitaten\\\/\",\"name\":\"Kairos - Transform Iran\",\"isPartOf\":{\"@id\":\"https:\\\/\\\/transformiran.goodbear.co.uk\\\/de\\\/#website\"},\"primaryImageOfPage\":{\"@id\":\"https:\\\/\\\/transformiran.goodbear.co.uk\\\/de\\\/unsere-arbeit\\\/entwicklung-von-fuhrungsqualitaten\\\/#primaryimage\"},\"image\":{\"@id\":\"https:\\\/\\\/transformiran.goodbear.co.uk\\\/de\\\/unsere-arbeit\\\/entwicklung-von-fuhrungsqualitaten\\\/#primaryimage\"},\"thumbnailUrl\":\"https:\\\/\\\/transformiran.goodbear.co.uk\\\/app\\\/uploads\\\/2025\\\/08\\\/Kairos-indoors-mobile-1024x791.png\",\"datePublished\":\"2025-08-29T14:11:17+00:00\",\"dateModified\":\"2026-02-04T22:42:51+00:00\",\"description\":\"Entdecken Sie Kairos, eine bahnbrechende christliche KI, die f\u00fcr Gl\u00e4ubige und Suchende im Untergrund entwickelt wurde. Sie bietet sichere Echtzeitberatung in Farsi und mehr als 200 Sprachen und hilft Menschen, den Glauben zu entdecken und in Christus zu wachsen, wo die christliche Kommunikation eingeschr\u00e4nkt ist.\",\"breadcrumb\":{\"@id\":\"https:\\\/\\\/transformiran.goodbear.co.uk\\\/de\\\/unsere-arbeit\\\/entwicklung-von-fuhrungsqualitaten\\\/#breadcrumb\"},\"inLanguage\":\"de\",\"potentialAction\":[{\"@type\":\"ReadAction\",\"target\":[\"https:\\\/\\\/transformiran.goodbear.co.uk\\\/de\\\/unsere-arbeit\\\/entwicklung-von-fuhrungsqualitaten\\\/\"]}]},{\"@type\":\"ImageObject\",\"inLanguage\":\"de\",\"@id\":\"https:\\\/\\\/transformiran.goodbear.co.uk\\\/de\\\/unsere-arbeit\\\/entwicklung-von-fuhrungsqualitaten\\\/#primaryimage\",\"url\":\"https:\\\/\\\/transformiran.goodbear.co.uk\\\/app\\\/uploads\\\/2025\\\/08\\\/Kairos-indoors-mobile-1024x791.png\",\"contentUrl\":\"https:\\\/\\\/transformiran.goodbear.co.uk\\\/app\\\/uploads\\\/2025\\\/08\\\/Kairos-indoors-mobile-1024x791.png\"},{\"@type\":\"BreadcrumbList\",\"@id\":\"https:\\\/\\\/transformiran.goodbear.co.uk\\\/de\\\/unsere-arbeit\\\/entwicklung-von-fuhrungsqualitaten\\\/#breadcrumb\",\"itemListElement\":[{\"@type\":\"ListItem\",\"position\":1,\"name\":\"Home\",\"item\":\"https:\\\/\\\/transformiran.goodbear.co.uk\\\/de\\\/startseite\\\/\"},{\"@type\":\"ListItem\",\"position\":2,\"name\":\"Unsere Arbeit\",\"item\":\"https:\\\/\\\/transformiran.goodbear.co.uk\\\/de\\\/unsere-arbeit\\\/\"},{\"@type\":\"ListItem\",\"position\":3,\"name\":\"Kairos\"}]},{\"@type\":\"WebSite\",\"@id\":\"https:\\\/\\\/transformiran.goodbear.co.uk\\\/de\\\/#website\",\"url\":\"https:\\\/\\\/transformiran.goodbear.co.uk\\\/de\\\/\",\"name\":\"Transform Iran\",\"description\":\"Bringing the love and power of Christ to Iran - and beyond\",\"publisher\":{\"@id\":\"https:\\\/\\\/transformiran.goodbear.co.uk\\\/de\\\/#organization\"},\"potentialAction\":[{\"@type\":\"SearchAction\",\"target\":{\"@type\":\"EntryPoint\",\"urlTemplate\":\"https:\\\/\\\/transformiran.goodbear.co.uk\\\/de\\\/?s={search_term_string}\"},\"query-input\":{\"@type\":\"PropertyValueSpecification\",\"valueRequired\":true,\"valueName\":\"search_term_string\"}}],\"inLanguage\":\"de\"},{\"@type\":\"Organization\",\"@id\":\"https:\\\/\\\/transformiran.goodbear.co.uk\\\/de\\\/#organization\",\"name\":\"Transform Iran\",\"url\":\"https:\\\/\\\/transformiran.goodbear.co.uk\\\/de\\\/\",\"logo\":{\"@type\":\"ImageObject\",\"inLanguage\":\"de\",\"@id\":\"https:\\\/\\\/transformiran.goodbear.co.uk\\\/de\\\/#\\\/schema\\\/logo\\\/image\\\/\",\"url\":\"https:\\\/\\\/transformiran.goodbear.co.uk\\\/app\\\/uploads\\\/2022\\\/11\\\/logo_grey.jpg\",\"contentUrl\":\"https:\\\/\\\/transformiran.goodbear.co.uk\\\/app\\\/uploads\\\/2022\\\/11\\\/logo_grey.jpg\",\"width\":528,\"height\":90,\"caption\":\"Transform Iran\"},\"image\":{\"@id\":\"https:\\\/\\\/transformiran.goodbear.co.uk\\\/de\\\/#\\\/schema\\\/logo\\\/image\\\/\"},\"sameAs\":[\"https:\\\/\\\/www.facebook.com\\\/222MinistriesUSAInc\",\"https:\\\/\\\/x.com\\\/222minint\",\"https:\\\/\\\/www.instagram.com\\\/222ministriesinternational\\\/\"]}]}<\/script>\n<!-- \/ Yoast SEO plugin. -->","yoast_head_json":{"title":"Kairos - Transform Iran","description":"Entdecken Sie Kairos, eine bahnbrechende christliche KI, die f\u00fcr Gl\u00e4ubige und Suchende im Untergrund entwickelt wurde. Sie bietet sichere Echtzeitberatung in Farsi und mehr als 200 Sprachen und hilft Menschen, den Glauben zu entdecken und in Christus zu wachsen, wo die christliche Kommunikation eingeschr\u00e4nkt ist.","robots":{"index":"noindex","follow":"follow","max-snippet":"max-snippet:-1","max-image-preview":"max-image-preview:large","max-video-preview":"max-video-preview:-1"},"og_locale":"de_DE","og_type":"article","og_title":"Kairos - Transform Iran","og_description":"Entdecken Sie Kairos, eine bahnbrechende christliche KI, die f\u00fcr Gl\u00e4ubige und Suchende im Untergrund entwickelt wurde. Sie bietet sichere Echtzeitberatung in Farsi und mehr als 200 Sprachen und hilft Menschen, den Glauben zu entdecken und in Christus zu wachsen, wo die christliche Kommunikation eingeschr\u00e4nkt ist.","og_url":"https:\/\/transformiran.goodbear.co.uk\/de\/unsere-arbeit\/entwicklung-von-fuhrungsqualitaten\/","og_site_name":"Transform Iran","article_publisher":"https:\/\/www.facebook.com\/222MinistriesUSAInc","article_modified_time":"2026-02-04T22:42:51+00:00","og_image":[{"width":2000,"height":1545,"url":"https:\/\/transformiran.goodbear.co.uk\/app\/uploads\/2025\/08\/Kairos-indoors-mobile.png","type":"image\/png"}],"twitter_card":"summary_large_image","twitter_site":"@222minint","twitter_misc":{"Gesch\u00e4tzte Lesezeit":"4\u00a0Minuten"},"schema":{"@context":"https:\/\/schema.org","@graph":[{"@type":"WebPage","@id":"https:\/\/transformiran.goodbear.co.uk\/de\/unsere-arbeit\/entwicklung-von-fuhrungsqualitaten\/","url":"https:\/\/transformiran.goodbear.co.uk\/de\/unsere-arbeit\/entwicklung-von-fuhrungsqualitaten\/","name":"Kairos - Transform Iran","isPartOf":{"@id":"https:\/\/transformiran.goodbear.co.uk\/de\/#website"},"primaryImageOfPage":{"@id":"https:\/\/transformiran.goodbear.co.uk\/de\/unsere-arbeit\/entwicklung-von-fuhrungsqualitaten\/#primaryimage"},"image":{"@id":"https:\/\/transformiran.goodbear.co.uk\/de\/unsere-arbeit\/entwicklung-von-fuhrungsqualitaten\/#primaryimage"},"thumbnailUrl":"https:\/\/transformiran.goodbear.co.uk\/app\/uploads\/2025\/08\/Kairos-indoors-mobile-1024x791.png","datePublished":"2025-08-29T14:11:17+00:00","dateModified":"2026-02-04T22:42:51+00:00","description":"Entdecken Sie Kairos, eine bahnbrechende christliche KI, die f\u00fcr Gl\u00e4ubige und Suchende im Untergrund entwickelt wurde. Sie bietet sichere Echtzeitberatung in Farsi und mehr als 200 Sprachen und hilft Menschen, den Glauben zu entdecken und in Christus zu wachsen, wo die christliche Kommunikation eingeschr\u00e4nkt ist.","breadcrumb":{"@id":"https:\/\/transformiran.goodbear.co.uk\/de\/unsere-arbeit\/entwicklung-von-fuhrungsqualitaten\/#breadcrumb"},"inLanguage":"de","potentialAction":[{"@type":"ReadAction","target":["https:\/\/transformiran.goodbear.co.uk\/de\/unsere-arbeit\/entwicklung-von-fuhrungsqualitaten\/"]}]},{"@type":"ImageObject","inLanguage":"de","@id":"https:\/\/transformiran.goodbear.co.uk\/de\/unsere-arbeit\/entwicklung-von-fuhrungsqualitaten\/#primaryimage","url":"https:\/\/transformiran.goodbear.co.uk\/app\/uploads\/2025\/08\/Kairos-indoors-mobile-1024x791.png","contentUrl":"https:\/\/transformiran.goodbear.co.uk\/app\/uploads\/2025\/08\/Kairos-indoors-mobile-1024x791.png"},{"@type":"BreadcrumbList","@id":"https:\/\/transformiran.goodbear.co.uk\/de\/unsere-arbeit\/entwicklung-von-fuhrungsqualitaten\/#breadcrumb","itemListElement":[{"@type":"ListItem","position":1,"name":"Home","item":"https:\/\/transformiran.goodbear.co.uk\/de\/startseite\/"},{"@type":"ListItem","position":2,"name":"Unsere Arbeit","item":"https:\/\/transformiran.goodbear.co.uk\/de\/unsere-arbeit\/"},{"@type":"ListItem","position":3,"name":"Kairos"}]},{"@type":"WebSite","@id":"https:\/\/transformiran.goodbear.co.uk\/de\/#website","url":"https:\/\/transformiran.goodbear.co.uk\/de\/","name":"Transform Iran","description":"Bringing the love and power of Christ to Iran - and beyond","publisher":{"@id":"https:\/\/transformiran.goodbear.co.uk\/de\/#organization"},"potentialAction":[{"@type":"SearchAction","target":{"@type":"EntryPoint","urlTemplate":"https:\/\/transformiran.goodbear.co.uk\/de\/?s={search_term_string}"},"query-input":{"@type":"PropertyValueSpecification","valueRequired":true,"valueName":"search_term_string"}}],"inLanguage":"de"},{"@type":"Organization","@id":"https:\/\/transformiran.goodbear.co.uk\/de\/#organization","name":"Transform Iran","url":"https:\/\/transformiran.goodbear.co.uk\/de\/","logo":{"@type":"ImageObject","inLanguage":"de","@id":"https:\/\/transformiran.goodbear.co.uk\/de\/#\/schema\/logo\/image\/","url":"https:\/\/transformiran.goodbear.co.uk\/app\/uploads\/2022\/11\/logo_grey.jpg","contentUrl":"https:\/\/transformiran.goodbear.co.uk\/app\/uploads\/2022\/11\/logo_grey.jpg","width":528,"height":90,"caption":"Transform Iran"},"image":{"@id":"https:\/\/transformiran.goodbear.co.uk\/de\/#\/schema\/logo\/image\/"},"sameAs":["https:\/\/www.facebook.com\/222MinistriesUSAInc","https:\/\/x.com\/222minint","https:\/\/www.instagram.com\/222ministriesinternational\/"]}]}},"campaignId":"","_links":{"self":[{"href":"https:\/\/transformiran.goodbear.co.uk\/de\/wp-json\/wp\/v2\/pages\/32260","targetHints":{"allow":["GET"]}}],"collection":[{"href":"https:\/\/transformiran.goodbear.co.uk\/de\/wp-json\/wp\/v2\/pages"}],"about":[{"href":"https:\/\/transformiran.goodbear.co.uk\/de\/wp-json\/wp\/v2\/types\/page"}],"author":[{"embeddable":true,"href":"https:\/\/transformiran.goodbear.co.uk\/de\/wp-json\/wp\/v2\/users\/6"}],"replies":[{"embeddable":true,"href":"https:\/\/transformiran.goodbear.co.uk\/de\/wp-json\/wp\/v2\/comments?post=32260"}],"version-history":[{"count":14,"href":"https:\/\/transformiran.goodbear.co.uk\/de\/wp-json\/wp\/v2\/pages\/32260\/revisions"}],"predecessor-version":[{"id":35565,"href":"https:\/\/transformiran.goodbear.co.uk\/de\/wp-json\/wp\/v2\/pages\/32260\/revisions\/35565"}],"up":[{"embeddable":true,"href":"https:\/\/transformiran.goodbear.co.uk\/de\/wp-json\/wp\/v2\/pages\/10875"}],"wp:attachment":[{"href":"https:\/\/transformiran.goodbear.co.uk\/de\/wp-json\/wp\/v2\/media?parent=32260"}],"curies":[{"name":"wp","href":"https:\/\/api.w.org\/{rel}","templated":true}]}}