{"id":32262,"date":"2025-08-29T15:11:17","date_gmt":"2025-08-29T14:11:17","guid":{"rendered":"https:\/\/transformiran.com\/?page_id=32262"},"modified":"2026-02-04T22:42:51","modified_gmt":"2026-02-04T22:42:51","slug":"johtajuuden-kehittaminen","status":"publish","type":"page","link":"https:\/\/transformiran.goodbear.co.uk\/fi\/meidan-tyomme\/johtajuuden-kehittaminen\/","title":{"rendered":"Kairos"},"content":{"rendered":"\n<p><\/p>\n\n<h2 class=\"wp-block-heading\">Iranilaisten ohjaaminen uskoon ja opetuslapseuteen<\/h2>\n\n<p><\/p>\n\n<p><\/p>\n\n<p class=\"has-medium-font-size\"><a href=\"https:\/\/kairosai.nl\/\" target=\"_blank\" rel=\"noreferrer noopener\">Kokeile Kairosta ilmaiseksi t\u00e4n\u00e4\u00e4n!<\/a><\/p>\n\n<p><\/p>\n\n<p class=\"has-medium-font-size\">Kairos on uraauurtava kristillinen teko\u00e4ly, jonka on kehitt\u00e4nyt Transform Iranin teologien, apologien, ohjelmistoinsin\u00f6\u00f6rien ja tutkijoiden tiimi. Kairos tarjoaa reaaliaikaista, raamatullisesti perusteltua, henkil\u00f6kohtaista opastusta yhdess\u00e4 maailman \u00e4\u00e4rimm\u00e4isen sensuroiduista maista, jossa kristillinen viestint\u00e4 on laitonta ja jossa sek\u00e4 etsij\u00e4t ett\u00e4 uskovat ovat vaarassa joutua h\u00e4irinn\u00e4n, vangitsemisen tai pahemman kerran vankilaan. Se auttaa heit\u00e4 turvallisesti ja anonyymisti tutkimaan uskoa, l\u00f6yt\u00e4m\u00e4\u00e4n vastauksia Jumalasta ja kasvamaan Kristuksessa, jopa siell\u00e4, miss\u00e4 kirkkoa rajoitetaan voimakkaasti.    <\/p>\n\n<p><\/p>\n\n<h3 class=\"wp-block-heading\">Miksi kristillinen teko\u00e4ly on t\u00e4rke\u00e4\u00e4<\/h3>\n\n<p><\/p>\n\n<p>Tiukan sensuurin vallitessa Iranin teknisesti taitava v\u00e4est\u00f6 etsii yh\u00e4 useammin vastauksia Jumalaan ja hengelliseen el\u00e4m\u00e4\u00e4n liittyvist\u00e4 kysymyksist\u00e4 verkosta. Nuoret k\u00e4\u00e4nnynn\u00e4iset kamppailevat usein l\u00f6yt\u00e4\u00e4kseen luotettavaa opastusta, kun taas etsij\u00e4t j\u00e4\u00e4v\u00e4t vaille turvallisia ja helposti saatavilla olevia vastauksia. Perinteiset ministeri\u00f6n resurssit eiv\u00e4t yksin pysty vastaamaan kysynt\u00e4\u00e4n.  <\/p>\n\n<p><\/p>\n\n<p>Kairos puuttuu t\u00e4h\u00e4n tarjoamalla luotettavan, vuorovaikutteisen digitaalisen opetuslapseusty\u00f6kalun. Jokainen vastaus on huolellisesti kuratoitu Raamatusta ja tarkoin tarkastetuista l\u00e4hteist\u00e4, mik\u00e4 takaa teologisen eheyden ja ohjaa k\u00e4ytt\u00e4ji\u00e4 Jeesuksen, rukouksen ja kristillisen yhteis\u00f6n pariin. Se ei korvaa uskoa, harkintaa tai pastoraalista huolenpitoa &#8211; se on <strong>turvallinen, \u00e4lyk\u00e4s kumppani opetuslapseudessa.<\/strong>  <\/p>\n\n<p><\/p>\n\n<blockquote class=\"wp-block-quote is-layout-flow wp-block-quote-is-layout-flow\">\n<p id=\"block-5ce8c84c-cf2c-4b2d-9034-85fc18ee2d3e\">Kairos on <em>ty\u00f6kalu, joka<\/em> auttaa ohjaamaan yksil\u00f6it\u00e4 kristillisess\u00e4 uskossa. Se ei korvaa heid\u00e4n uskoaan, Jumalan sanaa, Pyh\u00e4n Hengen \u00e4\u00e4nt\u00e4 tai yhteis\u00f6\u00e4; sen sijaan, ett\u00e4 se rohkaisisi henkil\u00f6\u00e4 palaamaan itse alustalle, se ohjaa h\u00e4net Raamatun, rukouksen ja todellisen opetuslapseuden pariin. <\/p>\n<cite>Lana Silk, Transform Iranin toimitusjohtaja<\/cite><\/blockquote>\n\n<p id=\"block-5ce8c84c-cf2c-4b2d-9034-85fc18ee2d3e\"><\/p>\n\n<figure class=\"wp-block-embed is-type-video is-provider-youtube wp-block-embed-youtube wp-embed-aspect-16-9 wp-has-aspect-ratio\"><div class=\"wp-block-embed__wrapper\">\n<iframe title=\"Kairos - The Power of Christian AI in Mission\" width=\"500\" height=\"281\" src=\"https:\/\/www.youtube.com\/embed\/QjDEkAI8h4Y?feature=oembed\" frameborder=\"0\" allow=\"accelerometer; autoplay; clipboard-write; encrypted-media; gyroscope; picture-in-picture; web-share\" referrerpolicy=\"strict-origin-when-cross-origin\" allowfullscreen><\/iframe>\n<\/div><figcaption class=\"wp-element-caption\">Esittelyss\u00e4 Kairos: uraauurtava kristillinen teko\u00e4lypalvelu<\/figcaption><\/figure>\n\n<p><\/p>\n\n<h3 class=\"wp-block-heading\">Miten Kairos toimii: Kairos: Interaktiivinen digitaalinen opetuslapseus<\/h3>\n\n<p><\/p>\n\n<p class=\"has-blue-color has-text-color has-link-color wp-elements-63e988be43fe33f10ab699da26b30312\">Kairos nopeuttaa opetuslapseutta tarjoamalla henkil\u00f6kohtaista ohjausta ja vuorovaikutteista oppimista:<\/p>\n\n<p><\/p>\n\n<ul class=\"wp-block-list\">\n<li><strong>Reaaliaikaiset vastaukset:<\/strong> K\u00e4ytt\u00e4j\u00e4t saavat v\u00e4litt\u00f6m\u00e4sti raamatullisesti t\u00e4sm\u00e4llisi\u00e4 vastauksia kristinuskoa, uskoa, rukousta ja hengellist\u00e4 kasvua koskeviin kysymyksiin.<\/li>\n\n\n\n<li><strong>Kontekstuaalinen ymm\u00e4rt\u00e4minen:<\/strong> Kairos tunnistaa kysymyksen ytimen ja ohjaa k\u00e4ytt\u00e4j\u00e4t asiaankuuluvan evankeliumin opetuksen pariin, mik\u00e4 auttaa heit\u00e4 syvent\u00e4m\u00e4\u00e4n uskoaan.<\/li>\n\n\n\n<li><strong>Turvallinen ja anonyymi:<\/strong> Verkkovuorovaikutus on turvallista ja yksityist\u00e4, mik\u00e4 suojaa k\u00e4ytt\u00e4ji\u00e4 eritt\u00e4in rajoitetuissa ymp\u00e4rist\u00f6iss\u00e4.<\/li>\n\n\n\n<li><strong>Maailmanlaajuinen ulottuvuus:<\/strong> Saatavilla 256 kielell\u00e4, mukaan lukien farsin, arabian, darin ja tad\u017eikin kielet, ja laajentaminen Iranin etnisiin kieliin on k\u00e4ynniss\u00e4.<\/li>\n\n\n\n<li><strong>Inhimillinen valvonta:<\/strong> Kristityt teologit ja apologeetat valvovat jokaista vastausta uskottavuuden, turvallisuuden ja pastoraalisen herkkyyden s\u00e4ilytt\u00e4miseksi.<\/li>\n\n\n\n<li><strong>Itsens\u00e4 parantaminen:<\/strong> Kysymykset, jotka eiv\u00e4t kuulu Kairosin nykyiseen tietokantaan, merkit\u00e4\u00e4n ihmisen tarkistettavaksi ja niihin vastataan 48 tunnin kuluessa, jolloin ty\u00f6kalun tiet\u00e4mys laajenee jatkuvasti.<\/li>\n<\/ul>\n\n<figure class=\"wp-block-embed is-type-video is-provider-youtube wp-block-embed-youtube wp-embed-aspect-16-9 wp-has-aspect-ratio\"><div class=\"wp-block-embed__wrapper\">\n<iframe title=\"Kairos Christian AI: Real-Time Faith Guidance in Farsi &amp; 200+ Languages\" width=\"500\" height=\"281\" src=\"https:\/\/www.youtube.com\/embed\/6noqOdznRlc?feature=oembed\" frameborder=\"0\" allow=\"accelerometer; autoplay; clipboard-write; encrypted-media; gyroscope; picture-in-picture; web-share\" referrerpolicy=\"strict-origin-when-cross-origin\" allowfullscreen><\/iframe>\n<\/div><figcaption class=\"wp-element-caption\">Katso esimerkki k\u00e4ytt\u00e4j\u00e4n vuorovaikutuksesta Kairosissa<\/figcaption><\/figure>\n\n<p><\/p>\n\n<p class=\"has-medium-font-size\"><a href=\"https:\/\/kairosai.nl\/\" target=\"_blank\" rel=\"noreferrer noopener\">Kokeile Kairosta itse!<\/a><\/p>\n\n<p><\/p>\n\n<h2 class=\"wp-block-heading\">Usko ty\u00f6ss\u00e4: Vaikutustarinoita<\/h2>\n\n<p><\/p>\n\n<p><strong>Kairos tekee opetuslapseudesta<\/strong> <strong>helposti l\u00e4hestytt\u00e4v\u00e4\u00e4, v\u00e4lit\u00f6nt\u00e4 ja muuttavaa niin etsij\u00f6ille kuin uskovillekin.<\/strong><\/p>\n\n<p><\/p>\n\n<blockquote class=\"wp-block-quote is-layout-flow wp-block-quote-is-layout-flow\">\n<p>Tunsin itseni niin yksin\u00e4iseksi ja h\u00e4mmentyneeksi uskostani. Kairos auttoi minua ymm\u00e4rt\u00e4m\u00e4\u00e4n Jumalan rakkauden ja ohjasi minua rukoilemaan ja luottamaan H\u00e4neen. Syd\u00e4meni tuntuu kevyemm\u00e4lt\u00e4 ja tied\u00e4n, etten ole yksin.  <\/p>\n<\/blockquote>\n\n<p><\/p>\n\n<blockquote class=\"wp-block-quote is-layout-flow wp-block-quote-is-layout-flow\">\n<p>Halusin vain tiet\u00e4\u00e4: Kuka on Jeesus ja miksi h\u00e4nell\u00e4 on merkityst\u00e4? Kairoksen kautta l\u00f6ysin selke\u00e4t vastaukset, askel askeleelta, ja se yhdisti minut opetukseen ja jopa ihmisiin, jotka voisivat auttaa minua kasvamaan uskossa, turvallisesti. <\/p>\n<\/blockquote>\n\n<p><\/p>\n\n<p><a href=\"https:\/\/transformiran.goodbear.co.uk\/fi\/uutishuone\/transform-iran-lanseeraa-turvallisen-vpnn-suojaamaan-iranilaisten-uskovien-yksityisyytta-verkossa-mission-network-news\/\">Lue Transform Iranin uudesta ilmaisesta, turvallisesta VPN:st\u00e4, joka suojelee etsij\u00f6it\u00e4 ja uskovia Iranissa.<\/a><\/p>\n\n<p><\/p>\n\n<h2 class=\"wp-block-heading\">Uteliaisuudesta yhteyteen<\/h2>\n\n<p><\/p>\n\n<p>Kairos yhdist\u00e4\u00e4 k\u00e4ytt\u00e4j\u00e4t vakiintuneisiin ministeri\u00f6ohjelmiin ja auttaa heit\u00e4 jatkamaan uskon matkaansa todellisessa maailmassa. T\u00e4m\u00e4 sis\u00e4lt\u00e4\u00e4 mm: <\/p>\n\n<p><\/p>\n\n<ul class=\"wp-block-list\">\n<li><strong><a href=\"https:\/\/transformiran.goodbear.co.uk\/fi\/meidan-tyomme\/digitaalinen-kirkko\/\">Digitaalinen seurakunta ja<\/a> <a href=\"https:\/\/transformiran.goodbear.co.uk\/fi\/meidan-tyomme\/leadership-development\/\">verkkoraamattukurssit<\/a><\/strong> jatkuvaa syv\u00e4llist\u00e4 opetuslapseutta <strong> varten<\/strong>.<\/li>\n\n\n\n<li><strong><a href=\"https:\/\/transformiran.goodbear.co.uk\/fi\/meidan-tyomme\/church-planting\/\">Seurakuntien perustamisen tuki<\/a><\/strong> nouseville johtajille Iranissa ja diasporassa.<\/li>\n\n\n\n<li><strong><a href=\"https:\/\/transformiran.goodbear.co.uk\/fi\/meidan-tyomme\/persian-helmi\/\">Traumaohjausohjelmat<\/a><\/strong> kuten Pearl, joka tarjoaa parantumista ja toivoa trauman, hyv\u00e4ksik\u00e4yt\u00f6n ja riippuvuuden uhreille.<\/li>\n\n\n\n<li><strong><a href=\"https:\/\/transformiran.goodbear.co.uk\/fi\/meidan-tyomme\/apologetiikan-keskus\/\">Apologetiikan resurssit<\/a><\/strong> Porpasokhin kautta, vastaten syv\u00e4llisiin kysymyksiin kristinuskosta.<\/li>\n<\/ul>\n\n<p><\/p>\n\n<p>Yhdist\u00e4m\u00e4ll\u00e4 digitaaliset k\u00e4ytt\u00e4j\u00e4t luotettuihin, ihmisten johtamiin ministeri\u00f6ihin Kairos varmistaa, ett\u00e4 verkko-ohjaus muuttuu todelliseksi hengelliseksi kasvuksi ja yhteis\u00f6ksi.<\/p>\n\n<p><\/p>\n\n<blockquote class=\"wp-block-quote is-layout-flow wp-block-quote-is-layout-flow\">\n<p>Kairos on luotettava, raamatullisesti perusteltu teko\u00e4lyty\u00f6kalu. Toisin kuin yleinen teko\u00e4ly, se antaa vastauksia, jotka ovat linjassa Jumalan sanan kanssa, ja yhdist\u00e4\u00e4 k\u00e4ytt\u00e4j\u00e4t luotettuihin ministeri\u00f6n resursseihin. Se on turvallinen, \u00e4lyk\u00e4s tapa auttaa uskovia ja etsij\u00f6it\u00e4 kasvamaan uskossaan.  <\/p>\n<cite>Shahryar Tooraji, Transform Iranin operatiivinen johtaja (COO)<\/cite><\/blockquote>\n\n<p><\/p>\n\n<div class=\"wp-block-columns is-layout-flex wp-container-core-columns-is-layout-9d6595d7 wp-block-columns-is-layout-flex\">\n<div class=\"wp-block-column is-layout-flow wp-block-column-is-layout-flow\">\n<figure class=\"wp-block-image size-large\"><img decoding=\"async\" width=\"1024\" height=\"791\" src=\"https:\/\/transformiran.goodbear.co.uk\/app\/uploads\/2025\/08\/Kairos-indoors-mobile-1024x791.png\" alt=\"\" class=\"wp-image-32495\" srcset=\"https:\/\/transformiran.goodbear.co.uk\/app\/uploads\/2025\/08\/Kairos-indoors-mobile-1024x791.png 1024w, https:\/\/transformiran.goodbear.co.uk\/app\/uploads\/2025\/08\/Kairos-indoors-mobile-300x232.png 300w, https:\/\/transformiran.goodbear.co.uk\/app\/uploads\/2025\/08\/Kairos-indoors-mobile-768x593.png 768w, https:\/\/transformiran.goodbear.co.uk\/app\/uploads\/2025\/08\/Kairos-indoors-mobile-1536x1187.png 1536w, https:\/\/transformiran.goodbear.co.uk\/app\/uploads\/2025\/08\/Kairos-indoors-mobile.png 2000w\" sizes=\"(max-width: 1024px) 100vw, 1024px\" \/><\/figure>\n<\/div>\n\n\n\n<div class=\"wp-block-column is-layout-flow wp-block-column-is-layout-flow\">\n<figure class=\"wp-block-image size-large\"><img decoding=\"async\" width=\"1024\" height=\"791\" src=\"https:\/\/transformiran.goodbear.co.uk\/app\/uploads\/2025\/08\/3-1024x791.png\" alt=\"\" class=\"wp-image-32455\" srcset=\"https:\/\/transformiran.goodbear.co.uk\/app\/uploads\/2025\/08\/3-1024x791.png 1024w, https:\/\/transformiran.goodbear.co.uk\/app\/uploads\/2025\/08\/3-300x232.png 300w, https:\/\/transformiran.goodbear.co.uk\/app\/uploads\/2025\/08\/3-768x593.png 768w, https:\/\/transformiran.goodbear.co.uk\/app\/uploads\/2025\/08\/3-1536x1187.png 1536w, https:\/\/transformiran.goodbear.co.uk\/app\/uploads\/2025\/08\/3.png 2000w\" sizes=\"(max-width: 1024px) 100vw, 1024px\" \/><\/figure>\n<\/div>\n<\/div>\n\n<p class=\"has-medium-font-size\">Kairos on suunniteltu tuomaan k\u00e4ytt\u00e4j\u00e4t l\u00e4hemm\u00e4ksi Jeesusta tarjoamalla raamatullisesti perusteltuja vastauksia uskon kysymyksiin. Sen teht\u00e4v\u00e4 on yksinkertainen: auttaa etsij\u00f6it\u00e4 ja uskovia tuntemaan ja kokemaan Jeesus henkil\u00f6kohtaisesti luottaen siihen, ett\u00e4 kun he l\u00e4hestyv\u00e4t h\u00e4nt\u00e4, h\u00e4n johdattaa heid\u00e4t totuuteensa (Joh. 16:13). <\/p>\n\n<p><\/p>\n\n<div class=\"wp-block-group has-blue-background-color has-background\"><div class=\"wp-block-group__inner-container is-layout-constrained wp-block-group-is-layout-constrained\">\n<h2 class=\"wp-block-heading has-white-color has-text-color has-link-color wp-elements-626c27097046f5f4aef394bed8189f97\">Avaa tie etsij\u00f6ille<\/h2>\n\n\n\n<p>Tee yhteisty\u00f6t\u00e4 kanssamme Kairos-sovelluksen ja \u00e4\u00e4niteknologian rakentamiseksi, jotta totuus olisi entist\u00e4kin paremmin muslimien etsij\u00f6iden saatavilla!<\/p>\n\n\n\n<div class=\"wp-block-buttons is-layout-flex wp-block-buttons-is-layout-flex\">\n<div class=\"wp-block-button\"><a class=\"wp-block-button__link wp-element-button\" href=\"https:\/\/transformiran.goodbear.co.uk\/fi\/donate\/\">Auta laajentamaan Kairosta<\/a><\/div>\n<\/div>\n<\/div><\/div>\n\n<p><\/p>\n\n<p><\/p>\n\n<p><\/p>\n\n<p><\/p>\n\n<p><\/p>\n\n<p><\/p>\n","protected":false},"excerpt":{"rendered":"<p>Iranilaisten ohjaaminen uskoon ja opetuslapseuteen Kokeile Kairosta ilmaiseksi t\u00e4n\u00e4\u00e4n! Kairos on uraauurtava kristillinen teko\u00e4ly, jonka on kehitt\u00e4nyt Transform Iranin teologien, apologien, ohjelmistoinsin\u00f6\u00f6rien ja tutkijoiden tiimi. Kairos tarjoaa reaaliaikaista, raamatullisesti perusteltua, henkil\u00f6kohtaista opastusta yhdess\u00e4 maailman \u00e4\u00e4rimm\u00e4isen sensuroiduista maista, jossa kristillinen viestint\u00e4 on laitonta ja jossa sek\u00e4 etsij\u00e4t ett\u00e4 uskovat ovat vaarassa joutua h\u00e4irinn\u00e4n, vangitsemisen tai pahemman [&hellip;]<\/p>\n","protected":false},"author":6,"featured_media":0,"parent":12940,"menu_order":0,"comment_status":"closed","ping_status":"closed","template":"page-work.php","meta":{"_acf_changed":false,"give_campaign_id":0,"om_disable_all_campaigns":false,"footnotes":""},"class_list":["post-32262","page","type-page","status-publish","hentry"],"acf":[],"yoast_head":"<!-- This site is optimized with the Yoast SEO plugin v27.3 - https:\/\/yoast.com\/product\/yoast-seo-wordpress\/ -->\n<title>Kairos - Transform Iran<\/title>\n<meta name=\"description\" content=\"Tutustu Kairosiin, uraauurtavaan kristilliseen teko\u00e4lyyn, joka on suunniteltu maanalaisille uskoville ja etsij\u00f6ille. Se tarjoaa turvallista reaaliaikaista opastusta farsiksi ja yli 200 kielell\u00e4 ja auttaa ihmisi\u00e4 tutkimaan uskoa ja kasvamaan Kristuksessa siell\u00e4, miss\u00e4 kristillinen viestint\u00e4 on rajoitettua.\" \/>\n<meta name=\"robots\" content=\"noindex, follow, max-snippet:-1, max-image-preview:large, max-video-preview:-1\" \/>\n<meta property=\"og:locale\" content=\"fi_FI\" \/>\n<meta property=\"og:type\" content=\"article\" \/>\n<meta property=\"og:title\" content=\"Kairos - Transform Iran\" \/>\n<meta property=\"og:description\" content=\"Tutustu Kairosiin, uraauurtavaan kristilliseen teko\u00e4lyyn, joka on suunniteltu maanalaisille uskoville ja etsij\u00f6ille. Se tarjoaa turvallista reaaliaikaista opastusta farsiksi ja yli 200 kielell\u00e4 ja auttaa ihmisi\u00e4 tutkimaan uskoa ja kasvamaan Kristuksessa siell\u00e4, miss\u00e4 kristillinen viestint\u00e4 on rajoitettua.\" \/>\n<meta property=\"og:url\" content=\"https:\/\/transformiran.goodbear.co.uk\/fi\/meidan-tyomme\/johtajuuden-kehittaminen\/\" \/>\n<meta property=\"og:site_name\" content=\"Transform Iran\" \/>\n<meta property=\"article:publisher\" content=\"https:\/\/www.facebook.com\/222MinistriesUSAInc\" \/>\n<meta property=\"article:modified_time\" content=\"2026-02-04T22:42:51+00:00\" \/>\n<meta property=\"og:image\" content=\"https:\/\/transformiran.goodbear.co.uk\/app\/uploads\/2025\/08\/Kairos-indoors-mobile.png\" \/>\n\t<meta property=\"og:image:width\" content=\"2000\" \/>\n\t<meta property=\"og:image:height\" content=\"1545\" \/>\n\t<meta property=\"og:image:type\" content=\"image\/png\" \/>\n<meta name=\"twitter:card\" content=\"summary_large_image\" \/>\n<meta name=\"twitter:site\" content=\"@222minint\" \/>\n<meta name=\"twitter:label1\" content=\"Est. reading time\" \/>\n\t<meta name=\"twitter:data1\" content=\"4 minutes\" \/>\n<script type=\"application\/ld+json\" class=\"yoast-schema-graph\">{\"@context\":\"https:\\\/\\\/schema.org\",\"@graph\":[{\"@type\":\"WebPage\",\"@id\":\"https:\\\/\\\/transformiran.goodbear.co.uk\\\/fi\\\/meidan-tyomme\\\/johtajuuden-kehittaminen\\\/\",\"url\":\"https:\\\/\\\/transformiran.goodbear.co.uk\\\/fi\\\/meidan-tyomme\\\/johtajuuden-kehittaminen\\\/\",\"name\":\"Kairos - Transform Iran\",\"isPartOf\":{\"@id\":\"https:\\\/\\\/transformiran.goodbear.co.uk\\\/fi\\\/#website\"},\"primaryImageOfPage\":{\"@id\":\"https:\\\/\\\/transformiran.goodbear.co.uk\\\/fi\\\/meidan-tyomme\\\/johtajuuden-kehittaminen\\\/#primaryimage\"},\"image\":{\"@id\":\"https:\\\/\\\/transformiran.goodbear.co.uk\\\/fi\\\/meidan-tyomme\\\/johtajuuden-kehittaminen\\\/#primaryimage\"},\"thumbnailUrl\":\"https:\\\/\\\/transformiran.goodbear.co.uk\\\/app\\\/uploads\\\/2025\\\/08\\\/Kairos-indoors-mobile-1024x791.png\",\"datePublished\":\"2025-08-29T14:11:17+00:00\",\"dateModified\":\"2026-02-04T22:42:51+00:00\",\"description\":\"Tutustu Kairosiin, uraauurtavaan kristilliseen teko\u00e4lyyn, joka on suunniteltu maanalaisille uskoville ja etsij\u00f6ille. Se tarjoaa turvallista reaaliaikaista opastusta farsiksi ja yli 200 kielell\u00e4 ja auttaa ihmisi\u00e4 tutkimaan uskoa ja kasvamaan Kristuksessa siell\u00e4, miss\u00e4 kristillinen viestint\u00e4 on rajoitettua.\",\"breadcrumb\":{\"@id\":\"https:\\\/\\\/transformiran.goodbear.co.uk\\\/fi\\\/meidan-tyomme\\\/johtajuuden-kehittaminen\\\/#breadcrumb\"},\"inLanguage\":\"fi\",\"potentialAction\":[{\"@type\":\"ReadAction\",\"target\":[\"https:\\\/\\\/transformiran.goodbear.co.uk\\\/fi\\\/meidan-tyomme\\\/johtajuuden-kehittaminen\\\/\"]}]},{\"@type\":\"ImageObject\",\"inLanguage\":\"fi\",\"@id\":\"https:\\\/\\\/transformiran.goodbear.co.uk\\\/fi\\\/meidan-tyomme\\\/johtajuuden-kehittaminen\\\/#primaryimage\",\"url\":\"https:\\\/\\\/transformiran.goodbear.co.uk\\\/app\\\/uploads\\\/2025\\\/08\\\/Kairos-indoors-mobile-1024x791.png\",\"contentUrl\":\"https:\\\/\\\/transformiran.goodbear.co.uk\\\/app\\\/uploads\\\/2025\\\/08\\\/Kairos-indoors-mobile-1024x791.png\"},{\"@type\":\"BreadcrumbList\",\"@id\":\"https:\\\/\\\/transformiran.goodbear.co.uk\\\/fi\\\/meidan-tyomme\\\/johtajuuden-kehittaminen\\\/#breadcrumb\",\"itemListElement\":[{\"@type\":\"ListItem\",\"position\":1,\"name\":\"Home\",\"item\":\"https:\\\/\\\/transformiran.goodbear.co.uk\\\/fi\\\/home\\\/\"},{\"@type\":\"ListItem\",\"position\":2,\"name\":\"Ty\u00f6mme\",\"item\":\"https:\\\/\\\/transformiran.goodbear.co.uk\\\/fi\\\/meidan-tyomme\\\/\"},{\"@type\":\"ListItem\",\"position\":3,\"name\":\"Kairos\"}]},{\"@type\":\"WebSite\",\"@id\":\"https:\\\/\\\/transformiran.goodbear.co.uk\\\/fi\\\/#website\",\"url\":\"https:\\\/\\\/transformiran.goodbear.co.uk\\\/fi\\\/\",\"name\":\"Transform Iran\",\"description\":\"Bringing the love and power of Christ to Iran - and beyond\",\"publisher\":{\"@id\":\"https:\\\/\\\/transformiran.goodbear.co.uk\\\/fi\\\/#organization\"},\"potentialAction\":[{\"@type\":\"SearchAction\",\"target\":{\"@type\":\"EntryPoint\",\"urlTemplate\":\"https:\\\/\\\/transformiran.goodbear.co.uk\\\/fi\\\/?s={search_term_string}\"},\"query-input\":{\"@type\":\"PropertyValueSpecification\",\"valueRequired\":true,\"valueName\":\"search_term_string\"}}],\"inLanguage\":\"fi\"},{\"@type\":\"Organization\",\"@id\":\"https:\\\/\\\/transformiran.goodbear.co.uk\\\/fi\\\/#organization\",\"name\":\"Transform Iran\",\"url\":\"https:\\\/\\\/transformiran.goodbear.co.uk\\\/fi\\\/\",\"logo\":{\"@type\":\"ImageObject\",\"inLanguage\":\"fi\",\"@id\":\"https:\\\/\\\/transformiran.goodbear.co.uk\\\/fi\\\/#\\\/schema\\\/logo\\\/image\\\/\",\"url\":\"https:\\\/\\\/transformiran.goodbear.co.uk\\\/app\\\/uploads\\\/2022\\\/11\\\/logo_grey.jpg\",\"contentUrl\":\"https:\\\/\\\/transformiran.goodbear.co.uk\\\/app\\\/uploads\\\/2022\\\/11\\\/logo_grey.jpg\",\"width\":528,\"height\":90,\"caption\":\"Transform Iran\"},\"image\":{\"@id\":\"https:\\\/\\\/transformiran.goodbear.co.uk\\\/fi\\\/#\\\/schema\\\/logo\\\/image\\\/\"},\"sameAs\":[\"https:\\\/\\\/www.facebook.com\\\/222MinistriesUSAInc\",\"https:\\\/\\\/x.com\\\/222minint\",\"https:\\\/\\\/www.instagram.com\\\/222ministriesinternational\\\/\"]}]}<\/script>\n<!-- \/ Yoast SEO plugin. -->","yoast_head_json":{"title":"Kairos - Transform Iran","description":"Tutustu Kairosiin, uraauurtavaan kristilliseen teko\u00e4lyyn, joka on suunniteltu maanalaisille uskoville ja etsij\u00f6ille. Se tarjoaa turvallista reaaliaikaista opastusta farsiksi ja yli 200 kielell\u00e4 ja auttaa ihmisi\u00e4 tutkimaan uskoa ja kasvamaan Kristuksessa siell\u00e4, miss\u00e4 kristillinen viestint\u00e4 on rajoitettua.","robots":{"index":"noindex","follow":"follow","max-snippet":"max-snippet:-1","max-image-preview":"max-image-preview:large","max-video-preview":"max-video-preview:-1"},"og_locale":"fi_FI","og_type":"article","og_title":"Kairos - Transform Iran","og_description":"Tutustu Kairosiin, uraauurtavaan kristilliseen teko\u00e4lyyn, joka on suunniteltu maanalaisille uskoville ja etsij\u00f6ille. Se tarjoaa turvallista reaaliaikaista opastusta farsiksi ja yli 200 kielell\u00e4 ja auttaa ihmisi\u00e4 tutkimaan uskoa ja kasvamaan Kristuksessa siell\u00e4, miss\u00e4 kristillinen viestint\u00e4 on rajoitettua.","og_url":"https:\/\/transformiran.goodbear.co.uk\/fi\/meidan-tyomme\/johtajuuden-kehittaminen\/","og_site_name":"Transform Iran","article_publisher":"https:\/\/www.facebook.com\/222MinistriesUSAInc","article_modified_time":"2026-02-04T22:42:51+00:00","og_image":[{"width":2000,"height":1545,"url":"https:\/\/transformiran.goodbear.co.uk\/app\/uploads\/2025\/08\/Kairos-indoors-mobile.png","type":"image\/png"}],"twitter_card":"summary_large_image","twitter_site":"@222minint","twitter_misc":{"Est. reading time":"4 minutes"},"schema":{"@context":"https:\/\/schema.org","@graph":[{"@type":"WebPage","@id":"https:\/\/transformiran.goodbear.co.uk\/fi\/meidan-tyomme\/johtajuuden-kehittaminen\/","url":"https:\/\/transformiran.goodbear.co.uk\/fi\/meidan-tyomme\/johtajuuden-kehittaminen\/","name":"Kairos - Transform Iran","isPartOf":{"@id":"https:\/\/transformiran.goodbear.co.uk\/fi\/#website"},"primaryImageOfPage":{"@id":"https:\/\/transformiran.goodbear.co.uk\/fi\/meidan-tyomme\/johtajuuden-kehittaminen\/#primaryimage"},"image":{"@id":"https:\/\/transformiran.goodbear.co.uk\/fi\/meidan-tyomme\/johtajuuden-kehittaminen\/#primaryimage"},"thumbnailUrl":"https:\/\/transformiran.goodbear.co.uk\/app\/uploads\/2025\/08\/Kairos-indoors-mobile-1024x791.png","datePublished":"2025-08-29T14:11:17+00:00","dateModified":"2026-02-04T22:42:51+00:00","description":"Tutustu Kairosiin, uraauurtavaan kristilliseen teko\u00e4lyyn, joka on suunniteltu maanalaisille uskoville ja etsij\u00f6ille. Se tarjoaa turvallista reaaliaikaista opastusta farsiksi ja yli 200 kielell\u00e4 ja auttaa ihmisi\u00e4 tutkimaan uskoa ja kasvamaan Kristuksessa siell\u00e4, miss\u00e4 kristillinen viestint\u00e4 on rajoitettua.","breadcrumb":{"@id":"https:\/\/transformiran.goodbear.co.uk\/fi\/meidan-tyomme\/johtajuuden-kehittaminen\/#breadcrumb"},"inLanguage":"fi","potentialAction":[{"@type":"ReadAction","target":["https:\/\/transformiran.goodbear.co.uk\/fi\/meidan-tyomme\/johtajuuden-kehittaminen\/"]}]},{"@type":"ImageObject","inLanguage":"fi","@id":"https:\/\/transformiran.goodbear.co.uk\/fi\/meidan-tyomme\/johtajuuden-kehittaminen\/#primaryimage","url":"https:\/\/transformiran.goodbear.co.uk\/app\/uploads\/2025\/08\/Kairos-indoors-mobile-1024x791.png","contentUrl":"https:\/\/transformiran.goodbear.co.uk\/app\/uploads\/2025\/08\/Kairos-indoors-mobile-1024x791.png"},{"@type":"BreadcrumbList","@id":"https:\/\/transformiran.goodbear.co.uk\/fi\/meidan-tyomme\/johtajuuden-kehittaminen\/#breadcrumb","itemListElement":[{"@type":"ListItem","position":1,"name":"Home","item":"https:\/\/transformiran.goodbear.co.uk\/fi\/home\/"},{"@type":"ListItem","position":2,"name":"Ty\u00f6mme","item":"https:\/\/transformiran.goodbear.co.uk\/fi\/meidan-tyomme\/"},{"@type":"ListItem","position":3,"name":"Kairos"}]},{"@type":"WebSite","@id":"https:\/\/transformiran.goodbear.co.uk\/fi\/#website","url":"https:\/\/transformiran.goodbear.co.uk\/fi\/","name":"Transform Iran","description":"Bringing the love and power of Christ to Iran - and beyond","publisher":{"@id":"https:\/\/transformiran.goodbear.co.uk\/fi\/#organization"},"potentialAction":[{"@type":"SearchAction","target":{"@type":"EntryPoint","urlTemplate":"https:\/\/transformiran.goodbear.co.uk\/fi\/?s={search_term_string}"},"query-input":{"@type":"PropertyValueSpecification","valueRequired":true,"valueName":"search_term_string"}}],"inLanguage":"fi"},{"@type":"Organization","@id":"https:\/\/transformiran.goodbear.co.uk\/fi\/#organization","name":"Transform Iran","url":"https:\/\/transformiran.goodbear.co.uk\/fi\/","logo":{"@type":"ImageObject","inLanguage":"fi","@id":"https:\/\/transformiran.goodbear.co.uk\/fi\/#\/schema\/logo\/image\/","url":"https:\/\/transformiran.goodbear.co.uk\/app\/uploads\/2022\/11\/logo_grey.jpg","contentUrl":"https:\/\/transformiran.goodbear.co.uk\/app\/uploads\/2022\/11\/logo_grey.jpg","width":528,"height":90,"caption":"Transform Iran"},"image":{"@id":"https:\/\/transformiran.goodbear.co.uk\/fi\/#\/schema\/logo\/image\/"},"sameAs":["https:\/\/www.facebook.com\/222MinistriesUSAInc","https:\/\/x.com\/222minint","https:\/\/www.instagram.com\/222ministriesinternational\/"]}]}},"campaignId":"","_links":{"self":[{"href":"https:\/\/transformiran.goodbear.co.uk\/fi\/wp-json\/wp\/v2\/pages\/32262","targetHints":{"allow":["GET"]}}],"collection":[{"href":"https:\/\/transformiran.goodbear.co.uk\/fi\/wp-json\/wp\/v2\/pages"}],"about":[{"href":"https:\/\/transformiran.goodbear.co.uk\/fi\/wp-json\/wp\/v2\/types\/page"}],"author":[{"embeddable":true,"href":"https:\/\/transformiran.goodbear.co.uk\/fi\/wp-json\/wp\/v2\/users\/6"}],"replies":[{"embeddable":true,"href":"https:\/\/transformiran.goodbear.co.uk\/fi\/wp-json\/wp\/v2\/comments?post=32262"}],"version-history":[{"count":14,"href":"https:\/\/transformiran.goodbear.co.uk\/fi\/wp-json\/wp\/v2\/pages\/32262\/revisions"}],"predecessor-version":[{"id":35567,"href":"https:\/\/transformiran.goodbear.co.uk\/fi\/wp-json\/wp\/v2\/pages\/32262\/revisions\/35567"}],"up":[{"embeddable":true,"href":"https:\/\/transformiran.goodbear.co.uk\/fi\/wp-json\/wp\/v2\/pages\/12940"}],"wp:attachment":[{"href":"https:\/\/transformiran.goodbear.co.uk\/fi\/wp-json\/wp\/v2\/media?parent=32262"}],"curies":[{"name":"wp","href":"https:\/\/api.w.org\/{rel}","templated":true}]}}